{"id":277,"date":"2016-05-12T03:59:31","date_gmt":"2016-05-12T02:59:31","guid":{"rendered":"http:\/\/www.ndclarte-plemet.fr\/?page_id=277"},"modified":"2016-05-22T19:53:54","modified_gmt":"2016-05-22T18:53:54","slug":"orientation","status":"publish","type":"page","link":"http:\/\/www.ndclarte-plemet.fr\/?page_id=277","title":{"rendered":"Orientation"},"content":{"rendered":"<p style=\"text-align: justify;\" align=\"CENTER\"><b>L&rsquo;orientation apr\u00e8s la 3\u00e8me\u00a0: un cap essentiel qui se pr\u00e9pare\u00a0!<\/b><\/p>\n<p style=\"text-align: justify;\" align=\"CENTER\"><i>La fin du coll\u00e8ge r\u00e9sonne pour les \u00e9l\u00e8ves de troisi\u00e8me et elle est souvent associ\u00e9e \u00e0 l&rsquo;obtention du fameux brevet des coll\u00e8ges.<\/i><\/p>\n<p style=\"text-align: justify;\" align=\"CENTER\"><i>Toutefois, une \u00e9tape s&rsquo;est faite en amont, celle de trouver un lyc\u00e9e qui convienne \u00e0 chaque projet.<\/i><\/p>\n<p style=\"text-align: justify;\">Notre r\u00f4le, en tant que professeurs du Coll\u00e8ge Notre Dame de la Clart\u00e9, est d&rsquo;accompagner nos \u00e9l\u00e8ves pour ne pas rater cette marche.<\/p>\n<p style=\"text-align: justify;\">Notamment le professeur principal qui suit les choix des \u00e9l\u00e8ves en fonction de leurs affinit\u00e9s pour un domaine ou une fili\u00e8re donn\u00e9e. Il les informe \u00e9galement que passer au lyc\u00e9e, c&rsquo;est aussi souvent changer de quantit\u00e9 et de m\u00e9thode de travail, rencontrer un nouvel environnement, apprendre l&rsquo;autonomie aussi.<\/p>\n<p style=\"text-align: justify;\">Pour \u00e9viter les mauvaises surprises et r\u00e9ussir pleinement son entr\u00e9e en seconde, nous mettons diff\u00e9rents projets en place, au cours du coll\u00e8ge et surtout en troisi\u00e8me, pour que chaque \u00e9l\u00e8ve puisse construire son projet sereinement.<\/p>\n<ul style=\"text-align: justify;\">\n<li>Les visites d&rsquo;entreprises locales\u00a0: Carri\u00e8res Lessard, Loud\u00e9ac-bureautique, Bio 3G, Cou\u00e9dic-Mador\u00e9, Meubles Allot, Volvo trucks&#8230; Montage des \u00e9oliennes \u00e0 la Ferri\u00e8re ces deux derni\u00e8res ann\u00e9es pour se familiariser avec diff\u00e9rents corps de m\u00e9tier.<\/li>\n<li>L&rsquo;intervention de professionnels qui viennent expliquer leurs parcours et la r\u00e9alit\u00e9 de leurs m\u00e9tiers au quotidien (M\u00e9tiers de la Marine, SNCF, m\u00e9tiers de la Sant\u00e9, de l&rsquo;Informatique&#8230;).<\/li>\n<li>Le stage d&rsquo;observation d&rsquo;une semaine en troisi\u00e8me qui permet de se faire d\u00e9j\u00e0 une premi\u00e8re id\u00e9e sur un m\u00e9tier qui attire le plus souvent les \u00e9l\u00e8ves. Le rapport de stage se fait par une pr\u00e9sentation orale via powerpoint devant l&rsquo;ensemble de la classe et un jury.<\/li>\n<li>Le passage des \u00e9l\u00e8ves aux portes ouvertes des lyc\u00e9es, ainsi qu&rsquo;aux mini stages lorsque les lyc\u00e9es le permettent.<\/li>\n<\/ul>\n<p style=\"text-align: justify;\">Tout cela permet alors \u00e0 chaque \u00e9l\u00e8ve de construire son projet et de commencer \u00e0 prendre conscience de la r\u00e9alit\u00e9 du monde du travail. Un travail essentiel pour r\u00e9ussir pleinement sa vie futur de lyc\u00e9en mais aussi de futur acteur dans le monde du travail.<\/p>\n","protected":false},"excerpt":{"rendered":"<p>L&rsquo;orientation apr\u00e8s la 3\u00e8me\u00a0: un cap essentiel qui se pr\u00e9pare\u00a0! La fin du coll\u00e8ge r\u00e9sonne pour les \u00e9l\u00e8ves de troisi\u00e8me et elle est souvent associ\u00e9e \u00e0 l&rsquo;obtention du fameux brevet des coll\u00e8ges. Toutefois, une \u00e9tape s&rsquo;est faite en amont, celle de trouver un lyc\u00e9e qui convienne \u00e0 chaque projet. Notre r\u00f4le, en tant que professeurs [&hellip;]<\/p>\n","protected":false},"author":1,"featured_media":0,"parent":0,"menu_order":0,"comment_status":"closed","ping_status":"closed","template":"","meta":{"_mc_calendar":[],"footnotes":""},"class_list":["post-277","page","type-page","status-publish","hentry","entry"],"_links":{"self":[{"href":"http:\/\/www.ndclarte-plemet.fr\/index.php?rest_route=\/wp\/v2\/pages\/277","targetHints":{"allow":["GET"]}}],"collection":[{"href":"http:\/\/www.ndclarte-plemet.fr\/index.php?rest_route=\/wp\/v2\/pages"}],"about":[{"href":"http:\/\/www.ndclarte-plemet.fr\/index.php?rest_route=\/wp\/v2\/types\/page"}],"author":[{"embeddable":true,"href":"http:\/\/www.ndclarte-plemet.fr\/index.php?rest_route=\/wp\/v2\/users\/1"}],"replies":[{"embeddable":true,"href":"http:\/\/www.ndclarte-plemet.fr\/index.php?rest_route=%2Fwp%2Fv2%2Fcomments&post=277"}],"version-history":[{"count":4,"href":"http:\/\/www.ndclarte-plemet.fr\/index.php?rest_route=\/wp\/v2\/pages\/277\/revisions"}],"predecessor-version":[{"id":332,"href":"http:\/\/www.ndclarte-plemet.fr\/index.php?rest_route=\/wp\/v2\/pages\/277\/revisions\/332"}],"wp:attachment":[{"href":"http:\/\/www.ndclarte-plemet.fr\/index.php?rest_route=%2Fwp%2Fv2%2Fmedia&parent=277"}],"curies":[{"name":"wp","href":"https:\/\/api.w.org\/{rel}","templated":true}]}}