{"id":288,"date":"2016-05-12T04:04:50","date_gmt":"2016-05-12T03:04:50","guid":{"rendered":"http:\/\/www.ndclarte-plemet.fr\/?page_id=288"},"modified":"2024-05-31T06:36:20","modified_gmt":"2024-05-31T05:36:20","slug":"accompagnement-personnalise","status":"publish","type":"page","link":"http:\/\/www.ndclarte-plemet.fr\/?page_id=288","title":{"rendered":"Accompagnement personnalis\u00e9"},"content":{"rendered":"<p style=\"text-align: justify;\"><strong>L\u2019accompagnement personnalis\u00e9<\/strong><br \/>\nL&rsquo;accompagnement personnalis\u00e9 repose sur les programmes d&rsquo;enseignement dans l&rsquo;objectif de <strong>ma\u00eetriser le socle commun de connaissances, de comp\u00e9tences et de culture.<\/strong><br \/>\nJusque l\u00e0 r\u00e9serv\u00e9 aux \u00e9l\u00e8ves de sixi\u00e8me, il est \u00e9tendu, \u00e0 partir de la rentr\u00e9e 2016, \u00e0 tous les \u00e9l\u00e8ves du coll\u00e8ge, les plus fragiles comme les plus performants.<br \/>\nA raison de<strong> 3 heures par semaine en 6\u00e8me (cycle 3) et deux heures pour les classes du cycle 4 (5\u00e8me, 4\u00e8me et 3\u00e8me)<\/strong>, les coll\u00e9giens trouveront dans leur emploi du temps ces s\u00e9ances destin\u00e9es \u00e0 approfondir leurs connaissances et leurs comp\u00e9tences.<br \/>\nL\u2019enseignant en charge de ces temps d\u2019accompagnement s\u2019efforcera ainsi de <strong>soutenir chaque \u00e9l\u00e8ve dans les apprentissages des enseignements de son niveau<\/strong>, ceci en fonction de ses difficult\u00e9s et besoins. Il favorisera, notamment en classe de 6\u00e8me,<strong> l&rsquo;autonomie et l&rsquo;acquisition de m\u00e9thodes de travail<\/strong>, par exemple en veillant \u00e0 la compr\u00e9hension du travail attendu et \u00e0 l&rsquo;organisation personnelle. Il visera enfin \u00e0 <strong>renforcer la culture g\u00e9n\u00e9rale<\/strong> et \u00e0 laisser s\u2019exprimer \u00e0 l\u2019occasion les talents et potentiels de chacun.<br \/>\nLes activit\u00e9s et modalit\u00e9s propos\u00e9es dans ce cadre pourront rev\u00eatir diff\u00e9rentes formes : m\u00e9diation entre \u00e9l\u00e8ves, tutorat, s\u00e9ance d&rsquo;entra\u00eenement, recherche documentaire, sensibilisation au discernement quant aux informations trouv\u00e9es sur internet, travail sur l\u2019outil informatique, initiation au th\u00e9\u00e2tre ou atelier d\u2019\u00e9criture partag\u00e9.<\/p>\n","protected":false},"excerpt":{"rendered":"<p>L\u2019accompagnement personnalis\u00e9 L&rsquo;accompagnement personnalis\u00e9 repose sur les programmes d&rsquo;enseignement dans l&rsquo;objectif de ma\u00eetriser le socle commun de connaissances, de comp\u00e9tences et de culture. Jusque l\u00e0 r\u00e9serv\u00e9 aux \u00e9l\u00e8ves de sixi\u00e8me, il est \u00e9tendu, \u00e0 partir de la rentr\u00e9e 2016, \u00e0 tous les \u00e9l\u00e8ves du coll\u00e8ge, les plus fragiles comme les plus performants. A raison de [&hellip;]<\/p>\n","protected":false},"author":1,"featured_media":0,"parent":0,"menu_order":0,"comment_status":"closed","ping_status":"closed","template":"","meta":{"_mc_calendar":[],"footnotes":""},"class_list":["post-288","page","type-page","status-publish","hentry","entry"],"_links":{"self":[{"href":"http:\/\/www.ndclarte-plemet.fr\/index.php?rest_route=\/wp\/v2\/pages\/288","targetHints":{"allow":["GET"]}}],"collection":[{"href":"http:\/\/www.ndclarte-plemet.fr\/index.php?rest_route=\/wp\/v2\/pages"}],"about":[{"href":"http:\/\/www.ndclarte-plemet.fr\/index.php?rest_route=\/wp\/v2\/types\/page"}],"author":[{"embeddable":true,"href":"http:\/\/www.ndclarte-plemet.fr\/index.php?rest_route=\/wp\/v2\/users\/1"}],"replies":[{"embeddable":true,"href":"http:\/\/www.ndclarte-plemet.fr\/index.php?rest_route=%2Fwp%2Fv2%2Fcomments&post=288"}],"version-history":[{"count":3,"href":"http:\/\/www.ndclarte-plemet.fr\/index.php?rest_route=\/wp\/v2\/pages\/288\/revisions"}],"predecessor-version":[{"id":3709,"href":"http:\/\/www.ndclarte-plemet.fr\/index.php?rest_route=\/wp\/v2\/pages\/288\/revisions\/3709"}],"wp:attachment":[{"href":"http:\/\/www.ndclarte-plemet.fr\/index.php?rest_route=%2Fwp%2Fv2%2Fmedia&parent=288"}],"curies":[{"name":"wp","href":"https:\/\/api.w.org\/{rel}","templated":true}]}}