{"id":292,"date":"2016-05-12T04:05:46","date_gmt":"2016-05-12T03:05:46","guid":{"rendered":"http:\/\/www.ndclarte-plemet.fr\/?page_id=292"},"modified":"2016-05-12T11:24:47","modified_gmt":"2016-05-12T10:24:47","slug":"atelier-ecriture-partagee","status":"publish","type":"page","link":"http:\/\/www.ndclarte-plemet.fr\/?page_id=292","title":{"rendered":"Atelier d&rsquo;\u00e9criture partag\u00e9"},"content":{"rendered":"<div style=\"width: 1200px;\" class=\"wp-video\"><video class=\"wp-video-shortcode\" id=\"video-292-1\" width=\"1200\" height=\"675\" preload=\"metadata\" controls=\"controls\"><source type=\"video\/mp4\" src=\"http:\/\/www.ndclarte-plemet.fr\/wp-content\/uploads\/2016\/05\/film-7.mp4?_=1\" \/><a href=\"http:\/\/www.ndclarte-plemet.fr\/wp-content\/uploads\/2016\/05\/film-7.mp4\">http:\/\/www.ndclarte-plemet.fr\/wp-content\/uploads\/2016\/05\/film-7.mp4<\/a><\/video><\/div>\n<p style=\"text-align: justify;\"><strong>L\u2019atelier d\u2019\u00e9criture partag\u00e9<\/strong> peut \u00eatre consid\u00e9r\u00e9 comme une parenth\u00e8se dans l\u2019emploi du temps des coll\u00e9giens, parenth\u00e8se au cours de laquelle ces derniers, en petits groupes, sont invit\u00e9s \u00e0 <strong>s\u2019exprimer \u00e0 l\u2019\u00e9crit puis \u00e0 l\u2019oral \u00e0 partir de consignes simples et ludiques, faisant appel \u00e0 leur v\u00e9cu personnel mais aussi \u00e0 leur imaginaire. <\/strong><\/p>\n<p style=\"text-align: justify;\">Participer \u00e0 un atelier d\u2019\u00e9criture partag\u00e9, c\u2019est <strong>\u00e9crire<\/strong> et <strong>dire<\/strong>, <strong>en<\/strong> <strong>toute libert\u00e9<\/strong>, et en toute confidentialit\u00e9, sans aucune pression de notation, ni de jugement\u00a0; <strong>\u00e9couter<\/strong> et <strong>\u00eatre \u00e9cout\u00e9<\/strong> dans le silence et le respect.<\/p>\n<p style=\"text-align: justify;\">\n","protected":false},"excerpt":{"rendered":"<p>L\u2019atelier d\u2019\u00e9criture partag\u00e9 peut \u00eatre consid\u00e9r\u00e9 comme une parenth\u00e8se dans l\u2019emploi du temps des coll\u00e9giens, parenth\u00e8se au cours de laquelle ces derniers, en petits groupes, sont invit\u00e9s \u00e0 s\u2019exprimer \u00e0 l\u2019\u00e9crit puis \u00e0 l\u2019oral \u00e0 partir de consignes simples et ludiques, faisant appel \u00e0 leur v\u00e9cu personnel mais aussi \u00e0 leur imaginaire. Participer \u00e0 un [&hellip;]<\/p>\n","protected":false},"author":1,"featured_media":0,"parent":0,"menu_order":0,"comment_status":"closed","ping_status":"closed","template":"","meta":{"_mc_calendar":[],"footnotes":""},"class_list":["post-292","page","type-page","status-publish","hentry","entry"],"_links":{"self":[{"href":"http:\/\/www.ndclarte-plemet.fr\/index.php?rest_route=\/wp\/v2\/pages\/292","targetHints":{"allow":["GET"]}}],"collection":[{"href":"http:\/\/www.ndclarte-plemet.fr\/index.php?rest_route=\/wp\/v2\/pages"}],"about":[{"href":"http:\/\/www.ndclarte-plemet.fr\/index.php?rest_route=\/wp\/v2\/types\/page"}],"author":[{"embeddable":true,"href":"http:\/\/www.ndclarte-plemet.fr\/index.php?rest_route=\/wp\/v2\/users\/1"}],"replies":[{"embeddable":true,"href":"http:\/\/www.ndclarte-plemet.fr\/index.php?rest_route=%2Fwp%2Fv2%2Fcomments&post=292"}],"version-history":[{"count":4,"href":"http:\/\/www.ndclarte-plemet.fr\/index.php?rest_route=\/wp\/v2\/pages\/292\/revisions"}],"predecessor-version":[{"id":324,"href":"http:\/\/www.ndclarte-plemet.fr\/index.php?rest_route=\/wp\/v2\/pages\/292\/revisions\/324"}],"wp:attachment":[{"href":"http:\/\/www.ndclarte-plemet.fr\/index.php?rest_route=%2Fwp%2Fv2%2Fmedia&parent=292"}],"curies":[{"name":"wp","href":"https:\/\/api.w.org\/{rel}","templated":true}]}}