{"id":296,"date":"2016-05-12T04:06:34","date_gmt":"2016-05-12T03:06:34","guid":{"rendered":"http:\/\/www.ndclarte-plemet.fr\/?page_id=296"},"modified":"2016-07-15T08:35:33","modified_gmt":"2016-07-15T07:35:33","slug":"liaison-avec-le-primaire","status":"publish","type":"page","link":"http:\/\/www.ndclarte-plemet.fr\/?page_id=296","title":{"rendered":"Liaison avec le Primaire"},"content":{"rendered":"<p><u>La liaison \u00e9cole\/coll\u00e8ge<\/u><\/p>\n<p style=\"text-align: justify;\">Etant donn\u00e9 la proximit\u00e9 de l\u2019\u00e9cole Saint-Joseph et du coll\u00e8ge Notre dame de La Clart\u00e9, la liaison entre les deux \u00e9tablissements et degr\u00e9s d\u2019enseignement semble \u00e9vidente, d\u2019autant plus qu\u2019elle est largement encourag\u00e9e par les nouveaux programmes en vigueur d\u00e8s la rentr\u00e9e 2016. Ces derniers pr\u00e9conisent, en effet, une continuit\u00e9 des apprentissages et un travail en commun des enseignants afin de permettre \u00e0 chaque \u00e9l\u00e8ve de r\u00e9ussir au mieux sa scolarit\u00e9.<\/p>\n<p style=\"text-align: justify;\">Certaines liaisons p\u00e9dagogiques et mat\u00e9rielles sont d\u00e9j\u00e0 assur\u00e9es depuis quelques ann\u00e9es. Ainsi, les \u00e9l\u00e8ves de maternelle et de primaire utilisent-ils r\u00e9guli\u00e8rement les locaux du coll\u00e8ge pour plus de confort et d\u2019efficacit\u00e9. Ils investissent la salle informatique pour des s\u00e9ances sur ordinateur ou bien le laboratoire pour des travaux de SVT ou de Sciences Physiques. Par ailleurs, ils sont les bienvenus lorsqu\u2019ils n\u00e9cessitent des salles sonoris\u00e9es dot\u00e9es d\u2019un vid\u00e9oprojecteur.<\/p>\n<p style=\"text-align: justify;\">A plusieurs reprises dans l\u2019ann\u00e9e, dans le cadre de l\u2019atelier th\u00e9\u00e2tre en classe de 5<sup>\u00e8me<\/sup>, les coll\u00e9giens ont le plaisir d\u2019accueillir les \u00e9l\u00e8ves de maternelle et de primaire pour des lectures expressives d\u2019albums jeunesse. Ces rencontres sont l\u2019occasion pour les plus petits de d\u00e9couvrir une histoire, mise en image et en voix, et d\u2019en v\u00e9rifier leur compr\u00e9hension puisque les plus grands les interrogent \u00e0 la fin de leur prestation. Les 5\u00e8mes, quant \u00e0 eux, ont la chance de se confronter \u00e0 un vrai public aupr\u00e8s duquel ils doivent se montrer les plus vivants et convaincants possible.<\/p>\n<p style=\"text-align: justify;\">Le passage de l\u2019\u00e9cole au coll\u00e8ge est un moment cl\u00e9 de la scolarit\u00e9. Avec la mise en \u0153uvre du socle commun de connaissances et de comp\u00e9tences, le cycle 3 (cycle de consolidation), regroupe d\u00e9sormais les classes du CM1, CM2 et de 6\u00e8me\u00a0et recouvre donc l&rsquo;\u00e9cole et le coll\u00e8ge. Les enseignants des deux niveaux seront donc amen\u00e9s \u00e0 se concerter pour assurer la coh\u00e9rence et la continuit\u00e9 p\u00e9dagogiques.<\/p>\n<p style=\"text-align: justify;\"><strong>\u00a0<\/strong><\/p>\n","protected":false},"excerpt":{"rendered":"<p>La liaison \u00e9cole\/coll\u00e8ge Etant donn\u00e9 la proximit\u00e9 de l\u2019\u00e9cole Saint-Joseph et du coll\u00e8ge Notre dame de La Clart\u00e9, la liaison entre les deux \u00e9tablissements et degr\u00e9s d\u2019enseignement semble \u00e9vidente, d\u2019autant plus qu\u2019elle est largement encourag\u00e9e par les nouveaux programmes en vigueur d\u00e8s la rentr\u00e9e 2016. Ces derniers pr\u00e9conisent, en effet, une continuit\u00e9 des apprentissages et [&hellip;]<\/p>\n","protected":false},"author":1,"featured_media":0,"parent":0,"menu_order":0,"comment_status":"closed","ping_status":"closed","template":"","meta":{"_mc_calendar":[],"footnotes":""},"class_list":["post-296","page","type-page","status-publish","hentry","entry"],"_links":{"self":[{"href":"http:\/\/www.ndclarte-plemet.fr\/index.php?rest_route=\/wp\/v2\/pages\/296","targetHints":{"allow":["GET"]}}],"collection":[{"href":"http:\/\/www.ndclarte-plemet.fr\/index.php?rest_route=\/wp\/v2\/pages"}],"about":[{"href":"http:\/\/www.ndclarte-plemet.fr\/index.php?rest_route=\/wp\/v2\/types\/page"}],"author":[{"embeddable":true,"href":"http:\/\/www.ndclarte-plemet.fr\/index.php?rest_route=\/wp\/v2\/users\/1"}],"replies":[{"embeddable":true,"href":"http:\/\/www.ndclarte-plemet.fr\/index.php?rest_route=%2Fwp%2Fv2%2Fcomments&post=296"}],"version-history":[{"count":3,"href":"http:\/\/www.ndclarte-plemet.fr\/index.php?rest_route=\/wp\/v2\/pages\/296\/revisions"}],"predecessor-version":[{"id":367,"href":"http:\/\/www.ndclarte-plemet.fr\/index.php?rest_route=\/wp\/v2\/pages\/296\/revisions\/367"}],"wp:attachment":[{"href":"http:\/\/www.ndclarte-plemet.fr\/index.php?rest_route=%2Fwp%2Fv2%2Fmedia&parent=296"}],"curies":[{"name":"wp","href":"https:\/\/api.w.org\/{rel}","templated":true}]}}