{"id":97,"date":"2016-03-08T00:58:49","date_gmt":"2016-03-07T23:58:49","guid":{"rendered":"http:\/\/www.ndclarte-plemet.fr\/?page_id=97"},"modified":"2016-03-08T00:58:49","modified_gmt":"2016-03-07T23:58:49","slug":"coordonnees-et-plan-dacces","status":"publish","type":"page","link":"http:\/\/www.ndclarte-plemet.fr\/?page_id=97","title":{"rendered":"Coordonn\u00e9es et plan d&rsquo;acc\u00e8s"},"content":{"rendered":"<p>Coll\u00e8ge Notre Dame de la Clart\u00e9<br \/>\n4, Rue des Etangs<br \/>\n22210 Pl\u00e9met<br \/>\nT\u00e9l\u00e9phone : 02.96.25.69.56<\/p>\n<p><iframe loading=\"lazy\" src=\"https:\/\/www.google.com\/maps\/embed?pb=!1m14!1m8!1m3!1d1881.2778392265!2d-2.5929165344293654!3d48.17716529903231!3m2!1i1024!2i768!4f13.1!3m3!1m2!1s0x0%3A0x51d47568e8f86d5d!2sColl%C3%A8ge+Notre-Dame+de+la+Clart%C3%A9!5e0!3m2!1sfr!2sfr!4v1457395072184\" width=\"600\" height=\"450\" frameborder=\"0\" style=\"border:0\" allowfullscreen><\/iframe><\/p>\n","protected":false},"excerpt":{"rendered":"<p>Coll\u00e8ge Notre Dame de la Clart\u00e9 4, Rue des Etangs 22210 Pl\u00e9met T\u00e9l\u00e9phone : 02.96.25.69.56<\/p>\n","protected":false},"author":1,"featured_media":0,"parent":0,"menu_order":0,"comment_status":"closed","ping_status":"closed","template":"","meta":{"_mc_calendar":[],"footnotes":""},"class_list":["post-97","page","type-page","status-publish","hentry","entry"],"_links":{"self":[{"href":"http:\/\/www.ndclarte-plemet.fr\/index.php?rest_route=\/wp\/v2\/pages\/97","targetHints":{"allow":["GET"]}}],"collection":[{"href":"http:\/\/www.ndclarte-plemet.fr\/index.php?rest_route=\/wp\/v2\/pages"}],"about":[{"href":"http:\/\/www.ndclarte-plemet.fr\/index.php?rest_route=\/wp\/v2\/types\/page"}],"author":[{"embeddable":true,"href":"http:\/\/www.ndclarte-plemet.fr\/index.php?rest_route=\/wp\/v2\/users\/1"}],"replies":[{"embeddable":true,"href":"http:\/\/www.ndclarte-plemet.fr\/index.php?rest_route=%2Fwp%2Fv2%2Fcomments&post=97"}],"version-history":[{"count":1,"href":"http:\/\/www.ndclarte-plemet.fr\/index.php?rest_route=\/wp\/v2\/pages\/97\/revisions"}],"predecessor-version":[{"id":98,"href":"http:\/\/www.ndclarte-plemet.fr\/index.php?rest_route=\/wp\/v2\/pages\/97\/revisions\/98"}],"wp:attachment":[{"href":"http:\/\/www.ndclarte-plemet.fr\/index.php?rest_route=%2Fwp%2Fv2%2Fmedia&parent=97"}],"curies":[{"name":"wp","href":"https:\/\/api.w.org\/{rel}","templated":true}]}}